{"id":242,"date":"2026-03-06T14:24:00","date_gmt":"2026-03-06T14:24:00","guid":{"rendered":"https:\/\/eric-grosset-coaching.com\/?page_id=242"},"modified":"2026-04-03T14:05:10","modified_gmt":"2026-04-03T14:05:10","slug":"accueil","status":"publish","type":"page","link":"https:\/\/eric-grosset-coaching.com\/","title":{"rendered":"Accueil"},"content":{"rendered":"<div class=\"et_pb_section_0 et_pb_section et_pb_fullwidth_section et_section_regular et_block_section et_pb_section_parallax\"><span class=\"et-pb-parallax-wrapper\"><span class=\"et-pb-parallax-background et-pb-parallax-background--css et-pb-parallax-background-module--divi-section-0 et_parallax_bg_tablet_exist\" style=\"background-image:url(https:\/\/eric-grosset-coaching.com\/wp-content\/uploads\/2026\/04\/eric-grosset-portrait-photo-alexpixelle-inversee.jpg)\"><\/span><\/span><span class=\"et-pb-parallax-wrapper\"><span class=\"et-pb-parallax-background et-pb-parallax-background--css et-pb-parallax-background_tablet et-pb-parallax-background_tablet-module--divi-section-0\" style=\"\"><\/span><\/span>\n<section class=\"et_pb_fullwidth_header_0 et_pb_fullwidth_header et_pb_bg_layout_dark et_pb_text_align_left et_pb_module et_flex_module preset--module--divi-fullwidth-header--default\"><div class=\"et_pb_fullwidth_header_container left\"><div class=\"header-content-container center\"><div class=\"header-content et_flex_module\"><h1 class=\"et_pb_module_header\">ERIC GROSSET<\/h1><span class=\"et_pb_fullwidth_header_subhead\">COACHING PROFESSIONNEL & PERSONNEL<\/span><div class=\"et_pb_header_button_wrapper\"><\/div><\/div><\/div><\/div><div class=\"et_pb_fullwidth_header_overlay\"><\/div><div class=\"et_pb_fullwidth_header_scroll\"><\/div><\/section>\n<\/div>\n\n<div class=\"et_pb_section_1 et_pb_section et_section_regular et_block_section\">\n<div class=\"et_pb_row_0 et_pb_row et_block_row\">\n<div class=\"et_pb_column_0 et_pb_column et_pb_column_4_4 et-last-child et_block_column et_pb_css_mix_blend_mode_passthrough\">\n<div class=\"et_pb_text_0 et_pb_text et_pb_bg_layout_light et_pb_module et_block_module preset--module--divi-text--default\"><div class=\"et_pb_text_inner\"><div class=\"et_pb_column et_pb_column_4_4 et_pb_column_0  et_pb_css_mix_blend_mode_passthrough et-last-child\">\n<div class=\"et_pb_module et_pb_text et_pb_text_0  et_pb_text_align_center et_pb_bg_layout_light\">\n<div class=\"et_pb_text_inner\">\n<h3 style=\"text-align: center;\"><em><strong><span style=\"color: #1a2b48;\">Gagnez en Clart\u00e9, en Puissance d'Action,<\/span><\/strong><\/em><br \/><em><strong><span style=\"color: #1a2b48;\">en R\u00e9silience<\/span><\/strong><\/em><br \/><em><strong><span style=\"color: #1a2b48;\">pour r\u00e9pondre \u00e0 vos enjeux.<\/span><\/strong><\/em><\/h3>\n<\/div>\n<\/div>\n<\/div>\n<\/div><\/div>\n<\/div>\n<\/div>\n<\/div>\n\n<div class=\"et_pb_section_2 et_pb_section et_section_regular et_block_section\">\n<div class=\"et_pb_row_1 et_pb_row et_block_row\">\n<div class=\"et_pb_column_1 et_pb_column et_pb_column_4_4 et-last-child et_block_column et_pb_css_mix_blend_mode_passthrough\">\n<div class=\"et_pb_text_1 et_pb_text et_pb_bg_layout_light et_pb_module et_flex_module et_pb_text_align_center preset--module--divi-text--default\"><div class=\"et_pb_text_inner\"><h2>MES DOMAINES D'INTERVENTION<\/h2>\n<\/div><\/div>\n<\/div>\n<\/div>\n\n<div class=\"et_pb_row_2 et_pb_row et_pb_equal_columns et_pb_gutters1 et_block_row et_animated\">\n<div class=\"et_pb_column_2 et_pb_column et_pb_column_1_3 et_block_column et_pb_css_mix_blend_mode_passthrough\">\n<div class=\"et_pb_blurb_0 et_pb_blurb et_pb_bg_layout_light et_pb_text_align_center et_pb_blurb_position_top et_pb_module et_block_module preset--module--divi-blurb--default\"><div class=\"et_pb_blurb_content\"><div class=\"et_pb_main_blurb_image\"><span class=\"et_pb_image_wrap\"><span class=\"et-pb-icon et-waypoint et_pb_animation_off et_pb_animation_off_tablet et_pb_animation_off_phone\">\ue08a<\/span><\/span><\/div><div class=\"et_pb_blurb_container\"><h4 class=\"et_pb_module_header\">ACCOMPAGNEMENT INDIVIDUEL<\/h4><div class=\"et_pb_blurb_description\"><p>- Construire une r\u00e9cit gagnant<br \/>par le storytelling,<br \/>- D\u00e9velopper un leadership inspirant,<br \/>-\u00a0 Nouvelles\u00a0 responsabilit\u00e9s...<\/p>\n<\/div><\/div><\/div><\/div>\n\n<div class=\"et_pb_blurb_1 et_pb_blurb et_pb_bg_layout_light et_pb_text_align_center et_pb_blurb_position_top et_pb_module et_block_module preset--module--divi-blurb--default\"><div class=\"et_pb_blurb_content\"><div class=\"et_pb_main_blurb_image\"><span class=\"et_pb_image_wrap\"><span class=\"et-pb-icon et-waypoint et_pb_animation_off et_pb_animation_off_tablet et_pb_animation_off_phone\">\uf509<\/span><\/span><\/div><div class=\"et_pb_blurb_container\"><h4 class=\"et_pb_module_header\">COACHING D'\u00c9QUIPES<\/h4><div class=\"et_pb_blurb_description\"><p>- Am\u00e9liorer la communication d\u2019\u00e9quipe,<br \/>- G\u00e9rer les processus humains,<br \/>- Diagnostics de conflit,<br \/>- Penser la r\u00e9ussite commune...<\/p>\n<\/div><\/div><\/div><\/div>\n<\/div>\n\n<div class=\"et_pb_column_3 et_pb_column et_pb_column_1_3 et_block_column et_pb_css_mix_blend_mode_passthrough\">\n<div class=\"et_pb_blurb_2 et_pb_blurb et_pb_bg_layout_light et_pb_text_align_center et_pb_blurb_position_top et_pb_module et_block_module preset--module--divi-blurb--default\"><div class=\"et_pb_blurb_content\"><div class=\"et_pb_blurb_container\"><\/div><\/div><\/div>\n<\/div>\n\n<div class=\"et_pb_column_4 et_pb_column et_pb_column_1_3 et-last-child et_block_column et_pb_css_mix_blend_mode_passthrough\">\n<div class=\"et_pb_blurb_3 et_pb_blurb et_pb_bg_layout_light et_pb_text_align_center et_pb_blurb_position_top et_pb_module et_block_module preset--module--divi-blurb--default\"><div class=\"et_pb_blurb_content\"><div class=\"et_pb_main_blurb_image\"><span class=\"et_pb_image_wrap\"><span class=\"et-pb-icon et-waypoint et_pb_animation_off et_pb_animation_off_tablet et_pb_animation_off_phone\">\uf004<\/span><\/span><\/div><div class=\"et_pb_blurb_container\"><h4 class=\"et_pb_module_header\">DEVELOPPEMENT PERSONNEL<\/h4><div class=\"et_pb_blurb_description\"><p>- Sortir d\u2019un burn-out \/ bore-out,<br \/>- R\u00e9soudre des probl\u00e8mes relationnels,<br \/>- Gestion de son image,<br \/>- Reprendre confiance...<\/p>\n<\/div><\/div><\/div><\/div>\n\n<div class=\"et_pb_blurb_4 et_pb_blurb et_pb_bg_layout_light et_pb_text_align_center et_pb_blurb_position_top et_pb_module et_block_module preset--module--divi-blurb--default\"><div class=\"et_pb_blurb_content\"><div class=\"et_pb_main_blurb_image\"><span class=\"et_pb_image_wrap\"><span class=\"et-pb-icon et-waypoint et_pb_animation_off et_pb_animation_off_tablet et_pb_animation_off_phone\">\uf441<\/span><\/span><\/div><div class=\"et_pb_blurb_container\"><h4 class=\"et_pb_module_header\"> LEADERSHIP, DYNAMIQUES HUMAINES et D\u00c9CISION SOUS CONTRAINTE<\/h4><div class=\"et_pb_blurb_description\"><p>En partenariat avec le commandant des arm\u00e9es, <strong>Dimitri TOLSTO\u00cf<\/strong>, pour les \u00a0entreprises et les organisations.<\/p>\n<\/div><\/div><\/div><\/div>\n<\/div>\n<\/div>\n<\/div>\n\n<div class=\"et_pb_section_3 et_pb_section et_section_regular et_block_section\">\n<div class=\"et_pb_row_3 et_pb_row et_block_row\">\n<div class=\"et_pb_column_5 et_pb_column et_pb_column_4_4 et-last-child et_block_column et_pb_css_mix_blend_mode_passthrough\">\n<div class=\"et_pb_text_2 et_pb_text et_pb_bg_layout_light et_pb_module et_block_module preset--module--divi-text--default\"><div class=\"et_pb_text_inner\"><div class=\"et_pb_column et_pb_column_4_4 et_pb_column_0  et_pb_css_mix_blend_mode_passthrough et-last-child\">\n<div class=\"et_pb_module et_pb_text et_pb_text_0  et_pb_text_align_center et_pb_bg_layout_light\">\n<div class=\"et_pb_text_inner\">\n<h3 style=\"text-align: center;\"><strong><span style=\"color: #c5a35d;\">Authentique, Responsable, Durable.<\/span><\/strong><\/h3>\n<\/div>\n<\/div>\n<\/div>\n<\/div><\/div>\n<\/div>\n<\/div>\n<\/div>\n\n<div class=\"et_pb_section_4 et_pb_section et_section_regular et_block_section\">\n<div class=\"et_pb_row_4 et_pb_row et_block_row\">\n<div class=\"et_pb_column_6 et_pb_column et_pb_column_1_2 et_block_column et_pb_css_mix_blend_mode_passthrough\">\n<div class=\"et_pb_text_3 et_pb_text et_pb_bg_layout_light et_pb_module et_block_module preset--module--divi-text--default\"><div class=\"et_pb_text_inner\"><h1>A propos d'Eric<\/h1>\n<p>&nbsp;<\/p>\n<h3>COACHING HORS NORME<\/h3>\n<p data-path-to-node=\"4\"><span style=\"color: #000000;\">Je travaille aussi bien en suivi individuel que lors de d\u00e9veloppement d'\u00e9quipe.\u00a0 M<span class=\"citation-27\">on approche, <strong>unique<\/strong>,\u00a0 fusionne <\/span><b data-path-to-node=\"5,1\" data-index-in-node=\"38\"><span class=\"citation-27\">25 ans de sports de combat<\/span><\/b><span class=\"citation-27\"> avec <\/span><b data-path-to-node=\"5,1\" data-index-in-node=\"70\"><span class=\"citation-27\">17 ans de direction d'acteurs et de r\u00e9alisation<\/span><\/b><span class=\"citation-27 citation-end-27\"><\/span>. Mes leviers majeurs sont : <\/span><\/p>\n<ul>\n<li data-path-to-node=\"4\"><span style=\"color: #000000;\"><b>Mon utilisation des outils du cin\u00e9ma <\/b><span class=\"citation-26\">(storytelling, sessions de pitch film\u00e9es) pour b\u00e2tir un leadership authentique et un r\u00e9cit strat\u00e9gique qui f\u00e9d\u00e8re<\/span><span class=\"citation-26 citation-end-26\"><source-footnote ng-version=\"0.0.0-PLACEHOLDER\" _nghost-ng-c443624276=\"\"><\/source-footnote><source-footnote ng-version=\"0.0.0-PLACEHOLDER\" _nghost-ng-c443624276=\"\"><\/source-footnote><source-footnote ng-version=\"0.0.0-PLACEHOLDER\" _nghost-ng-c443624276=\"\"><\/source-footnote><source-footnote ng-version=\"0.0.0-PLACEHOLDER\" _nghost-ng-c443624276=\"\"><\/source-footnote><\/span>. <\/span><\/li>\n<li data-path-to-node=\"4\"><span style=\"color: #000000;\"><b data-path-to-node=\"6,1,0,0\" data-index-in-node=\"0\">Mon exp\u00e9rience de la comp\u00e9tition et des d\u00e9fis personnels.\u00a0<\/b> J'accompagne et je pr\u00e9pare comme des athl\u00e8tes qu'ils peuvent \u00eatre. Je leur fais percevoir ce tensions comme une<span class=\"citation-25\"> \u00e9nergie cr\u00e9ative, verbale et corporelle, \u00e0 int\u00e9grer.<\/span><\/span><\/li>\n<\/ul>\n<ol start=\"1\" data-path-to-node=\"6\"><\/ol>\n<p data-path-to-node=\"7\" id=\"p-rc_4a15c74f5e45f36f-28\"><span style=\"color: #000000;\"><span class=\"citation-24\">Je suis <\/span><span class=\"citation-24\">certifi\u00e9 en <\/span><b data-path-to-node=\"7,1\" data-index-in-node=\"19\"><span class=\"citation-24\">Analyse Transactionnelle, MBTI et Process Com<\/span><\/b><span class=\"citation-24 citation-end-24\"><source-footnote ng-version=\"0.0.0-PLACEHOLDER\" _nghost-ng-c443624276=\"\"><\/source-footnote><\/span>. Je sais <span class=\"citation-23\">d\u00e9limiter l'ar\u00e8ne pour g\u00e9rer les conflits et cr\u00e9er une performance durable<\/span><span class=\"citation-23 citation-end-23\"><source-footnote ng-version=\"0.0.0-PLACEHOLDER\" _nghost-ng-c443624276=\"\"><\/source-footnote><source-footnote ng-version=\"0.0.0-PLACEHOLDER\" _nghost-ng-c443624276=\"\"><\/source-footnote><source-footnote ng-version=\"0.0.0-PLACEHOLDER\" _nghost-ng-c443624276=\"\"><\/source-footnote><source-footnote ng-version=\"0.0.0-PLACEHOLDER\" _nghost-ng-c443624276=\"\"><\/source-footnote><\/span>.\u00a0<\/span><\/p>\n<\/div><\/div>\n\n<div class=\"et_pb_module et_pb_button_module_wrapper et_pb_button_0_wrapper preset--module--divi-button--default_wrapper\"><a class=\"et_pb_button_0 et_pb_button et_pb_bg_layout_light et_pb_module et_block_module preset--module--divi-button--default\" href=\"\">En savoir plus<\/a><\/div>\n<\/div>\n\n<div class=\"et_pb_column_7 et_pb_column et_pb_column_1_2 et-last-child et_block_column et_pb_css_mix_blend_mode_passthrough\">\n<div class=\"et_pb_image_0 et_pb_image et_animated et_pb_module et_block_module preset--module--divi-image--default\"><span class=\"et_pb_image_wrap\"><img loading=\"lazy\" decoding=\"async\" src=\"https:\/\/eric-grosset-coaching.com\/wp-content\/uploads\/2026\/04\/eric-grosset-portrait-photo-alexpixelle-60-1.jpg\" title=\"eric-grosset-portrait-photo-alexpixelle-60\" width=\"800\" height=\"1200\" srcset=\"https:\/\/eric-grosset-coaching.com\/wp-content\/uploads\/2026\/04\/eric-grosset-portrait-photo-alexpixelle-60-1.jpg 800w, https:\/\/eric-grosset-coaching.com\/wp-content\/uploads\/2026\/04\/eric-grosset-portrait-photo-alexpixelle-60-1-480x720.jpg 480w\" sizes=\"(min-width: 0px) and (max-width: 480px) 480px, (min-width: 481px) 800px, 100vw\" class=\"wp-image-684\" \/><\/span><\/div>\n\n<div class=\"et_pb_text_4 et_pb_text et_pb_bg_layout_light et_pb_module et_flex_module preset--module--divi-text--default\"><div class=\"et_pb_text_inner\"><p style=\"text-align: right;\">Cr\u00e9dit photo : Alex Pixelle<\/p>\n<\/div><\/div>\n<\/div>\n<\/div>\n<\/div>\n\n<div class=\"et_pb_section_5 et_pb_section et_section_regular et_block_section\">\n<div class=\"et_pb_row_5 et_pb_row et_block_row\">\n<div class=\"et_pb_column_8 et_pb_column et_pb_column_4_4 et-last-child et_block_column et_pb_css_mix_blend_mode_passthrough\">\n<div class=\"et_pb_text_5 et_pb_text et_pb_bg_layout_light et_pb_module et_block_module preset--module--divi-text--default\"><div class=\"et_pb_text_inner\"><h3><\/h3>\n<h3><\/h3>\n<h3 style=\"text-align: center;\">LA Solidarit\u00e9 et la performance au coeur de votre organisation.<\/h3>\n<\/div><\/div>\n<\/div>\n<\/div>\n<\/div>\n\n<div class=\"et_pb_section_6 et_pb_section et_section_regular et_block_section\">\n<div class=\"et_pb_row_6 et_pb_row et_block_row\">\n<div class=\"et_pb_column_9 et_pb_column et_pb_column_4_4 et-last-child et_block_column et_pb_css_mix_blend_mode_passthrough\">\n<div class=\"et_pb_text_6 et_pb_text et_pb_bg_layout_light et_pb_module et_block_module et_pb_text_align_center preset--module--divi-text--default\"><div class=\"et_pb_text_inner\"><h3>ENTREPRISE &amp; PERSONNES Avec lesquelles j'ai travaill\u00e9<\/h3>\n<\/div><\/div>\n<\/div>\n<\/div>\n\n<div class=\"et_pb_row_7 et_pb_row et_block_row\">\n<div class=\"et_pb_column_10 et_pb_column et_pb_column_1_2 et_block_column et_pb_css_mix_blend_mode_passthrough\">\n<div class=\"et_pb_image_1 et_pb_image et_pb_module et_block_module preset--module--divi-image--default\"><a href=\"https:\/\/www.facebook.com\/profile.php?id=61560797019424\" target=\"_blank\"><span class=\"et_pb_image_wrap\"><img loading=\"lazy\" decoding=\"async\" src=\"https:\/\/eric-grosset-coaching.com\/wp-content\/uploads\/2026\/03\/nrides_studio_cover.jpg\" width=\"1128\" height=\"191\" srcset=\"https:\/\/eric-grosset-coaching.com\/wp-content\/uploads\/2026\/03\/nrides_studio_cover.jpg 1128w, https:\/\/eric-grosset-coaching.com\/wp-content\/uploads\/2026\/03\/nrides_studio_cover-980x166.jpg 980w, https:\/\/eric-grosset-coaching.com\/wp-content\/uploads\/2026\/03\/nrides_studio_cover-480x81.jpg 480w\" sizes=\"(min-width: 0px) and (max-width: 480px) 480px, (min-width: 481px) and (max-width: 980px) 980px, (min-width: 981px) 1128px, 100vw\" class=\"wp-image-437\" title=\"nrides_studio_cover\" \/><\/span><\/a><\/div>\n<\/div>\n\n<div class=\"et_pb_column_11 et_pb_column et_pb_column_1_2 et-last-child et_block_column et_pb_css_mix_blend_mode_passthrough\">\n<div class=\"et_pb_image_2 et_pb_image et_pb_module et_block_module preset--module--divi-image--default\"><a href=\"https:\/\/uncannystories.fr\/\" target=\"_blank\"><span class=\"et_pb_image_wrap\"><img loading=\"lazy\" decoding=\"async\" src=\"https:\/\/eric-grosset-coaching.com\/wp-content\/uploads\/2026\/03\/uncanny-stories.png.e6d2ab5614e6705d686d383a7a4b4528.png\" width=\"1400\" height=\"1400\" srcset=\"https:\/\/eric-grosset-coaching.com\/wp-content\/uploads\/2026\/03\/uncanny-stories.png.e6d2ab5614e6705d686d383a7a4b4528.png 1400w, https:\/\/eric-grosset-coaching.com\/wp-content\/uploads\/2026\/03\/uncanny-stories.png.e6d2ab5614e6705d686d383a7a4b4528-1280x1280.png 1280w, https:\/\/eric-grosset-coaching.com\/wp-content\/uploads\/2026\/03\/uncanny-stories.png.e6d2ab5614e6705d686d383a7a4b4528-980x980.png 980w, https:\/\/eric-grosset-coaching.com\/wp-content\/uploads\/2026\/03\/uncanny-stories.png.e6d2ab5614e6705d686d383a7a4b4528-480x480.png 480w\" sizes=\"(min-width: 0px) and (max-width: 480px) 480px, (min-width: 481px) and (max-width: 980px) 980px, (min-width: 981px) and (max-width: 1280px) 1280px, (min-width: 1281px) 1400px, 100vw\" class=\"wp-image-466\" title=\"uncanny-stories.png.e6d2ab5614e6705d686d383a7a4b4528\" \/><\/span><\/a><\/div>\n<\/div>\n<\/div>\n\n<div class=\"et_pb_row_8 et_pb_row et_block_row\">\n<div class=\"et_pb_column_12 et_pb_column et_pb_column_4_4 et-last-child et_block_column et_pb_css_mix_blend_mode_passthrough\">\n<div class=\"et_pb_testimonial_0 et_pb_testimonial et_pb_testimonial_no_image et_pb_bg_layout_light et_pb_text_align_center et_pb_module et_block_module preset--module--divi-testimonial--default\"><div class=\"et_pb_testimonial_inner\"><div class=\"et_pb_testimonial_description\"><div class=\"et_pb_testimonial_description_inner\"><div class=\"et_pb_testimonial_content\"><p>Eric m'a accompagn\u00e9 sur un coaching personnel qui m'a vraiment aid\u00e9 \u00e0 sortir de mon impasse !<\/p>\n<\/div><\/div><div class=\"et_pb_testimonial_author\">Thomas KARACHE<\/div><div class=\"et_pb_testimonial_meta\"><span class=\"et_pb_testimonial_position\">Sp\u00e9cialiste s\u00e9curit\u00e9 informatique<\/span><\/div><\/div><\/div><\/div>\n\n<div class=\"et_pb_text_7 et_pb_text et_pb_bg_layout_light et_pb_module et_block_module et_pb_text_align_center preset--module--divi-text--default\"><\/div>\n<\/div>\n<\/div>\n\n<div class=\"et_pb_row_9 et_pb_row et_block_row\">\n<div class=\"et_pb_column_13 et_pb_column et_pb_column_1_2 et_block_column et_pb_css_mix_blend_mode_passthrough\">\n<div class=\"et_pb_testimonial_1 et_pb_testimonial et_pb_testimonial_no_image et_pb_bg_layout_light et_pb_text_align_center et_pb_module et_block_module preset--module--divi-testimonial--default\"><div class=\"et_pb_testimonial_inner\"><div class=\"et_pb_testimonial_description\"><div class=\"et_pb_testimonial_description_inner\"><div class=\"et_pb_testimonial_content\"><p><span style=\"color: #000000;\">Eric GROSSET est une personne aux grandes qualit\u00e9s humaines et professionnelles. Sollicit\u00e9 pour une courte session de coaching, il a su cerner mes enjeux et mes probl\u00e9matiques avec une rapidit\u00e9 remarquable, tout en proposant des solutions concr\u00e8tes et efficaces. Disponible, \u00e0 l'\u00e9coute et r\u00e9actif, il a instaur\u00e9 un cadre de coaching \u00e0 la fois professionnel, structur\u00e9, rassurant et bienveillant.<\/span><\/p>\n<\/div><\/div><div class=\"et_pb_testimonial_author\">Adrien COURET<\/div><div class=\"et_pb_testimonial_meta\"><span class=\"et_pb_testimonial_position\">Producteur et Sc\u00e9nariste<\/span><span class=\"et_pb_testimonial_separator\">, <\/span><span class=\"et_pb_testimonial_company\">Uncanny Stories<\/span><\/div><\/div><\/div><\/div>\n<\/div>\n\n<div class=\"et_pb_column_14 et_pb_column et_pb_column_1_2 et-last-child et_block_column et_pb_css_mix_blend_mode_passthrough\">\n<div class=\"et_pb_testimonial_2 et_pb_testimonial et_pb_testimonial_no_image et_pb_bg_layout_light et_pb_text_align_center et_pb_module et_block_module preset--module--divi-testimonial--default\"><div class=\"et_pb_testimonial_inner\"><div class=\"et_pb_testimonial_description\"><div class=\"et_pb_testimonial_description_inner\"><div class=\"et_pb_testimonial_content\"><p>L\u2019accompagnement d\u2019\u00c9ric m\u2019a \u00e9t\u00e9 tr\u00e8s b\u00e9n\u00e9fique : il a su d\u00e9celer mes points de blocage. On les a d\u00e9pli\u00e9s ensemble. Prendre conscience de ces points m\u2019a permis de les rep\u00e9rer et donc les \u00e9viter dans la suite de mon activit\u00e9.<\/p>\n<\/div><\/div><div class=\"et_pb_testimonial_author\">Tom Thomas KREBS<\/div><div class=\"et_pb_testimonial_meta\"><span class=\"et_pb_testimonial_position\">Producteur<\/span><span class=\"et_pb_testimonial_separator\">, <\/span><span class=\"et_pb_testimonial_company\">N\u00e9r\u00e9ides Studio<\/span><\/div><\/div><\/div><\/div>\n<\/div>\n<\/div>\n<\/div>\n\n<div class=\"et_pb_section_7 et_pb_section et_section_regular et_block_section\">\n<div class=\"et_pb_row_10 et_pb_row et_block_row\">\n<div class=\"et_pb_column_15 et_pb_column et_pb_column_4_4 et-last-child et_block_column et_pb_css_mix_blend_mode_passthrough\">\n<div class=\"et_pb_text_8 et_pb_text et_pb_bg_layout_light et_pb_module et_block_module preset--module--divi-text--default\"><div class=\"et_pb_text_inner\"><h3 style=\"text-align: center;\"><span style=\"color: #c5a35d;\">Me contacter<\/span><\/h3>\n<p style=\"text-align: center;\">Parlons ensemble de votre demande<\/p>\n<\/div><\/div>\n\n<div class=\"et_pb_contact_form_0 et_pb_contact_form_container clearfix et_pb_module et_flex_module preset--module--divi-contact-form--default\" data-form_unique_num=\"0\" data-form_unique_id=\"888cf26f-4dc2-492a-a112-5d5eae80fca7\" id=\"et_pb_contact_form_888cf26f-4dc2-492a-a112-5d5eae80fca7\"><div class=\"et-pb-contact-message\"><\/div><div class=\"et_pb_contact\"><form class=\"et_pb_contact_form et_flex_module\" method=\"post\" action=\"https:\/\/eric-grosset-coaching.com\/index.php\/wp-json\/wp\/v2\/pages\/242\">\n<div class=\"et_pb_contact_field_0 et_pb_contact_field et_pb_module et_flex_module et_flex_column_12_24 et_flex_column_12_24_tablet et_flex_column_12_24_phone\" data-id=\"name\" data-type=\"input\"><label class=\"et_pb_contact_form_label\" for=\"et_pb_contact_0_name_0\">Nom<\/label><input type=\"text\" name=\"et_pb_contact_0_name_0\" id=\"et_pb_contact_0_name_0\" class=\"input\" data-required_mark=\"required\" data-field_type=\"input\" data-original_id=\"name\" placeholder=\"Nom\" title=\"\" value=\"\" \/><\/div>\n\n<div class=\"et_pb_contact_field_1 et_pb_contact_field et_pb_module et_flex_module et_flex_column_12_24 et_flex_column_12_24_tablet et_flex_column_12_24_phone\" data-id=\"company\" data-type=\"input\"><label class=\"et_pb_contact_form_label\" for=\"et_pb_contact_0_company_1\">Soci\u00e9t\u00e9<\/label><input type=\"text\" name=\"et_pb_contact_0_company_1\" id=\"et_pb_contact_0_company_1\" class=\"input\" data-required_mark=\"required\" data-field_type=\"input\" data-original_id=\"company\" placeholder=\"Soci\u00e9t\u00e9\" title=\"\" value=\"\" \/><\/div>\n\n<div class=\"et_pb_contact_field_2 et_pb_contact_field et_pb_module et_flex_module et_flex_column_12_24 et_flex_column_12_24_tablet et_flex_column_12_24_phone\" data-id=\"email\" data-type=\"email\"><label class=\"et_pb_contact_form_label\" for=\"et_pb_contact_0_email_2\">Adresse e-mail<\/label><input type=\"text\" name=\"et_pb_contact_0_email_2\" id=\"et_pb_contact_0_email_2\" class=\"input\" data-required_mark=\"required\" data-field_type=\"email\" data-original_id=\"email\" placeholder=\"Adresse e-mail\" title=\"\" value=\"\" \/><\/div>\n\n<div class=\"et_pb_contact_field_3 et_pb_contact_field et_pb_module et_flex_module et_flex_column_12_24 et_flex_column_12_24_tablet et_flex_column_12_24_phone\" data-id=\"phone\" data-type=\"email\"><label class=\"et_pb_contact_form_label\" for=\"et_pb_contact_0_phone_3\">T\u00e9l\u00e9phone<\/label><input type=\"text\" name=\"et_pb_contact_0_phone_3\" id=\"et_pb_contact_0_phone_3\" class=\"input\" data-required_mark=\"required\" data-field_type=\"email\" data-original_id=\"phone\" placeholder=\"T\u00e9l\u00e9phone\" title=\"\" value=\"\" \/><\/div>\n\n<div class=\"et_pb_contact_field_4 et_pb_contact_field et_pb_module et_flex_module et_flex_column_24_24 et_flex_column_24_24_tablet et_flex_column_24_24_phone\" data-id=\"message\" data-type=\"text\"><label class=\"et_pb_contact_form_label\" for=\"et_pb_contact_0_message_4\">Message<\/label><textarea name=\"et_pb_contact_0_message_4\" id=\"et_pb_contact_0_message_4\" class=\"et_pb_contact_message input\" data-required_mark=\"required\" data-field_type=\"text\" data-original_id=\"message\" placeholder=\"Message\"><\/textarea><\/div>\n<input type=\"hidden\" name=\"et_pb_contactform_submit_888cf26f-4dc2-492a-a112-5d5eae80fca7\" value=\"et_contact_proccess\" \/><div class=\"et_contact_bottom_container\"><div class=\"et_pb_contact_right et_pb_contact_field\"><p class=\"clearfix\"><span class=\"et_pb_contact_captcha_question\">9 + 5<\/span> = <input type=\"text\" size=\"2\" class=\"input et_pb_contact_captcha\" data-first_digit=\"9\" data-second_digit=\"5\" data-required_mark=\"required\" name=\"et_pb_contact_captcha_888cf26f-4dc2-492a-a112-5d5eae80fca7\" autocomplete=\"off\" \/><\/p><\/div><div class=\"et_pb_button_wrapper\"><button type=\"submit\" name=\"et_builder_submit_button\" class=\"et_pb_button et_pb_contact_submit\">Submit<\/button><\/div><\/div><input type=\"hidden\" id=\"_wpnonce-et-pb-contact-form-submitted-888cf26f-4dc2-492a-a112-5d5eae80fca7\" name=\"_wpnonce-et-pb-contact-form-submitted-888cf26f-4dc2-492a-a112-5d5eae80fca7\" value=\"1dd3d8fb33\" \/><input type=\"hidden\" name=\"_wp_http_referer\" value=\"\/index.php\/wp-json\/wp\/v2\/pages\/242\" \/><\/form><\/div><\/div>\n<\/div>\n<\/div>\n<\/div>","protected":false},"excerpt":{"rendered":"","protected":false},"author":1,"featured_media":0,"parent":0,"menu_order":0,"comment_status":"closed","ping_status":"closed","template":"","meta":{"footnotes":""},"class_list":["post-242","page","type-page","status-publish","hentry"],"_links":{"self":[{"href":"https:\/\/eric-grosset-coaching.com\/index.php\/wp-json\/wp\/v2\/pages\/242","targetHints":{"allow":["GET"]}}],"collection":[{"href":"https:\/\/eric-grosset-coaching.com\/index.php\/wp-json\/wp\/v2\/pages"}],"about":[{"href":"https:\/\/eric-grosset-coaching.com\/index.php\/wp-json\/wp\/v2\/types\/page"}],"author":[{"embeddable":true,"href":"https:\/\/eric-grosset-coaching.com\/index.php\/wp-json\/wp\/v2\/users\/1"}],"replies":[{"embeddable":true,"href":"https:\/\/eric-grosset-coaching.com\/index.php\/wp-json\/wp\/v2\/comments?post=242"}],"version-history":[{"count":138,"href":"https:\/\/eric-grosset-coaching.com\/index.php\/wp-json\/wp\/v2\/pages\/242\/revisions"}],"predecessor-version":[{"id":701,"href":"https:\/\/eric-grosset-coaching.com\/index.php\/wp-json\/wp\/v2\/pages\/242\/revisions\/701"}],"wp:attachment":[{"href":"https:\/\/eric-grosset-coaching.com\/index.php\/wp-json\/wp\/v2\/media?parent=242"}],"curies":[{"name":"wp","href":"https:\/\/api.w.org\/{rel}","templated":true}]}}