{"id":262,"date":"2026-03-18T15:21:22","date_gmt":"2026-03-18T15:21:22","guid":{"rendered":"https:\/\/eric-grosset-coaching.com\/?page_id=262"},"modified":"2026-03-26T16:44:56","modified_gmt":"2026-03-26T16:44:56","slug":"contact","status":"publish","type":"page","link":"https:\/\/eric-grosset-coaching.com\/index.php\/contact\/","title":{"rendered":"Contact"},"content":{"rendered":"<div class=\"et_pb_section_0 et_pb_section et_section_regular et_block_section\">\n<div class=\"et_pb_row_0 et_pb_row et_block_row\">\n<div class=\"et_pb_column_0 et_pb_column et_pb_column_4_4 et-last-child et_block_column et_pb_css_mix_blend_mode_passthrough\">\n<div class=\"et_pb_text_0 et_pb_text et_pb_bg_layout_dark et_pb_module et_block_module et_pb_text_align_center preset--module--divi-text--default\"><div class=\"et_pb_text_inner\"><h1>ME CONTACTER<\/h1>\n<\/div><\/div>\n<\/div>\n<\/div>\n\n<div class=\"et_pb_row_1 et_pb_row et-vb-row--no-module et_flex_row\">\n<div class=\"et_pb_column_1 et_pb_column et-last-child et_flex_column et_pb_column_empty et_pb_css_mix_blend_mode_passthrough et_flex_column_24_24 et_flex_column_24_24_tablet et_flex_column_24_24_phone\"><\/div>\n<\/div>\n<\/div>\n\n<div class=\"et_pb_section_1 et_pb_section et_section_regular et_flex_section\">\n<div class=\"et_pb_row_2 et_pb_row et_flex_row et_animated\">\n<div class=\"et_pb_column_2 et_pb_column et-last-child et_flex_column et_pb_css_mix_blend_mode_passthrough et_flex_column_24_24 et_flex_column_24_24_tablet et_flex_column_24_24_phone\">\n<div class=\"et_pb_contact_form_0 et_pb_contact_form_container clearfix et_pb_module et_flex_module preset--module--divi-contact-form--default\" data-form_unique_num=\"0\" data-form_unique_id=\"6c564353-8002-43ab-b0d1-1f204692ef5f\" id=\"et_pb_contact_form_0\"><div class=\"et-pb-contact-message\"><\/div><div class=\"et_pb_contact\"><form class=\"et_pb_contact_form et_flex_module\" method=\"post\" action=\"https:\/\/eric-grosset-coaching.com\/index.php\/wp-json\/wp\/v2\/pages\/262\">\n<div class=\"et_pb_contact_field_0 et_pb_contact_field et_pb_module et_flex_module et_flex_column_12_24 et_flex_column_12_24_tablet et_flex_column_12_24_phone\" data-id=\"name\" data-type=\"input\"><label class=\"et_pb_contact_form_label\" for=\"et_pb_contact_0_name_0\">Nom<\/label><input type=\"text\" name=\"et_pb_contact_0_name_0\" id=\"et_pb_contact_0_name_0\" class=\"input\" data-required_mark=\"required\" data-field_type=\"input\" data-original_id=\"name\" placeholder=\"Nom\" title=\"\" value=\"\" \/><\/div>\n\n<div class=\"et_pb_contact_field_1 et_pb_contact_field et_pb_module et_flex_module et_flex_column_12_24 et_flex_column_12_24_tablet et_flex_column_12_24_phone\" data-id=\"phone_number\" data-type=\"input\"><label class=\"et_pb_contact_form_label\" for=\"et_pb_contact_0_phone_number_1\">Num\u00e9ro de T\u00e9l\u00e9phone<\/label><input type=\"text\" name=\"et_pb_contact_0_phone_number_1\" id=\"et_pb_contact_0_phone_number_1\" class=\"input\" data-required_mark=\"required\" data-field_type=\"input\" data-original_id=\"phone_number\" placeholder=\"Num\u00e9ro de T\u00e9l\u00e9phone\" title=\"\" value=\"\" \/><\/div>\n\n<div class=\"et_pb_contact_field_2 et_pb_contact_field et_pb_module et_flex_module et_flex_column_24_24 et_flex_column_24_24_tablet et_flex_column_24_24_phone\" data-id=\"email\" data-type=\"email\"><label class=\"et_pb_contact_form_label\" for=\"et_pb_contact_0_email_2\">Adresse M\u00e9l<\/label><input type=\"text\" name=\"et_pb_contact_0_email_2\" id=\"et_pb_contact_0_email_2\" class=\"input\" data-required_mark=\"required\" data-field_type=\"email\" data-original_id=\"email\" placeholder=\"Adresse M\u00e9l\" title=\"\" value=\"\" \/><\/div>\n\n<div class=\"et_pb_contact_field_3 et_pb_contact_field et_pb_module et_flex_module et_flex_column_24_24 et_flex_column_24_24_tablet et_flex_column_24_24_phone\" data-id=\"service\" data-type=\"select\"><label class=\"et_pb_contact_form_label\" for=\"et_pb_contact_0_service_3\">Coaching Pro ou Perso ?<\/label><select name=\"et_pb_contact_0_service_3\" id=\"et_pb_contact_0_service_3\" class=\"et_pb_contact_select input\" data-required_mark=\"not_required\" data-field_type=\"select\" data-original_id=\"service\"><option value=\"\">Coaching Pro ou Perso ?<\/option><option value=\"Coaching Personnel\" data-id=\"\">Coaching Personnel<\/option><option value=\"Coaching Professionnel Individuel\" data-id=\"\">Coaching Professionnel Individuel<\/option><option value=\"Coaching Professionnel Equipe\" data-id=\"\">Coaching Professionnel Equipe<\/option><option value=\"Coaching Professionnel Leader\" data-id=\"\">Coaching Professionnel Leader<\/option><\/select><\/div>\n\n<div class=\"et_pb_contact_field_4 et_pb_contact_field et_pb_module et_flex_module et_flex_column_24_24 et_flex_column_24_24_tablet et_flex_column_24_24_phone\" data-id=\"message\" data-type=\"text\"><label class=\"et_pb_contact_form_label\" for=\"et_pb_contact_0_message_4\">Message<\/label><textarea name=\"et_pb_contact_0_message_4\" id=\"et_pb_contact_0_message_4\" class=\"et_pb_contact_message input\" data-required_mark=\"required\" data-field_type=\"text\" data-original_id=\"message\" placeholder=\"Message\"><\/textarea><\/div>\n<input type=\"hidden\" name=\"et_pb_contactform_submit_6c564353-8002-43ab-b0d1-1f204692ef5f\" value=\"et_contact_proccess\" \/><div class=\"et_contact_bottom_container\"><div class=\"et_pb_contact_right et_pb_contact_field\"><p class=\"clearfix\"><span class=\"et_pb_contact_captcha_question\">3 + 2<\/span> = <input type=\"text\" size=\"2\" class=\"input et_pb_contact_captcha\" data-first_digit=\"3\" data-second_digit=\"2\" data-required_mark=\"required\" name=\"et_pb_contact_captcha_6c564353-8002-43ab-b0d1-1f204692ef5f\" autocomplete=\"off\" \/><\/p><\/div><div class=\"et_pb_button_wrapper\"><button type=\"submit\" name=\"et_builder_submit_button\" class=\"et_pb_button et_pb_contact_submit\">Envoi<\/button><\/div><\/div><input type=\"hidden\" id=\"_wpnonce-et-pb-contact-form-submitted-6c564353-8002-43ab-b0d1-1f204692ef5f\" name=\"_wpnonce-et-pb-contact-form-submitted-6c564353-8002-43ab-b0d1-1f204692ef5f\" value=\"bd2a82b383\" \/><input type=\"hidden\" name=\"_wp_http_referer\" value=\"\/index.php\/wp-json\/wp\/v2\/pages\/262\" \/><\/form><\/div><\/div>\n<\/div>\n<\/div>\n<\/div>\n\n<div class=\"et_pb_section_2 et_pb_section et_section_regular et_block_section\">\n<div class=\"et_pb_row_3 et_pb_row et_flex_row\">\n<div class=\"et_pb_column_3 et_pb_column et_flex_column et_pb_css_mix_blend_mode_passthrough et_flex_column_12_24 et_flex_column_12_24_tablet et_flex_column_24_24_phone\">\n<div class=\"et_pb_text_1 et_pb_text et_pb_bg_layout_light et_pb_module et_block_module preset--module--divi-text--default\"><div class=\"et_pb_text_inner\"><h3>Mes Coordonn\u00e9es<\/h3>\n<h4>T\u00e9l.<\/h4>\n<p>+33 06 85 22 38 24<\/p>\n<h4>M\u00e9l<\/h4>\n<p>e.grosset@gmail.com<\/p>\n<h4>Adresse<\/h4>\n<p>9 Place du Mar\u00e9chal Leclerc, 91200 Juvisy sur Orge<\/p>\n<\/div><\/div>\n<\/div>\n\n<div class=\"et_pb_column_4 et_pb_column et-last-child et_flex_column et_pb_css_mix_blend_mode_passthrough et_flex_column_12_24 et_flex_column_12_24_tablet et_flex_column_24_24_phone\">\n<div class=\"et_pb_image_0 et_pb_image et_flex_column_24_24_tablet et_pb_module et_flex_module preset--module--divi-image--default\"><a href=\"https:\/\/www.google.com\/maps\/place\/Maison+de+sant%C3%A9+pluridisciplinaire\/@48.6908308,2.3755392,3a,15y,209.89h,92.35t\/data=!3m10!1e1!3m8!1sF-obRPfXhBnBrVTMBCN19Q!2e0!6shttps:%2F%2Fstreetviewpixels-pa.googleapis.com%2Fv1%2Fthumbnail%3Fcb_client%3Dmaps_sv.tactile%26w%3D900%26h%3D600%26pitch%3D-2.3471265184241474%26panoid%3DF-obRPfXhBnBrVTMBCN19Q%26yaw%3D209.8926055017702!7i16384!8i8192!9m2!1b1!2i66!4m14!1m7!3m6!1s0x47e5df60a11c939f:0x761678483345e227!2sMaison+de+sant%C3%A9+pluridisciplinaire!8m2!3d48.6907355!4d2.3754885!16s%2Fg%2F11g6lw25vx!3m5!1s0x47e5df60a11c939f:0x761678483345e227!8m2!3d48.6907355!4d2.3754885!16s%2Fg%2F11g6lw25vx?hl=fr&#038;entry=ttu&#038;g_ep=EgoyMDI2MDMyNC4wIKXMDSoASAFQAw%3D%3D\" target=\"_blank\"><span class=\"et_pb_image_wrap\"><img loading=\"lazy\" decoding=\"async\" src=\"https:\/\/eric-grosset-coaching.com\/wp-content\/uploads\/2026\/03\/plan.png\" title=\"plan\" width=\"1920\" height=\"1080\" srcset=\"https:\/\/eric-grosset-coaching.com\/wp-content\/uploads\/2026\/03\/plan.png 1920w, https:\/\/eric-grosset-coaching.com\/wp-content\/uploads\/2026\/03\/plan-1280x720.png 1280w, https:\/\/eric-grosset-coaching.com\/wp-content\/uploads\/2026\/03\/plan-980x551.png 980w, https:\/\/eric-grosset-coaching.com\/wp-content\/uploads\/2026\/03\/plan-480x270.png 480w\" sizes=\"(min-width: 0px) and (max-width: 480px) 480px, (min-width: 481px) and (max-width: 980px) 980px, (min-width: 981px) and (max-width: 1280px) 1280px, (min-width: 1281px) 1920px, 100vw\" class=\"wp-image-646\" \/><\/span><\/a><\/div>\n<\/div>\n<\/div>\n<\/div>","protected":false},"excerpt":{"rendered":"","protected":false},"author":1,"featured_media":0,"parent":0,"menu_order":0,"comment_status":"closed","ping_status":"closed","template":"","meta":{"footnotes":""},"class_list":["post-262","page","type-page","status-publish","hentry"],"_links":{"self":[{"href":"https:\/\/eric-grosset-coaching.com\/index.php\/wp-json\/wp\/v2\/pages\/262","targetHints":{"allow":["GET"]}}],"collection":[{"href":"https:\/\/eric-grosset-coaching.com\/index.php\/wp-json\/wp\/v2\/pages"}],"about":[{"href":"https:\/\/eric-grosset-coaching.com\/index.php\/wp-json\/wp\/v2\/types\/page"}],"author":[{"embeddable":true,"href":"https:\/\/eric-grosset-coaching.com\/index.php\/wp-json\/wp\/v2\/users\/1"}],"replies":[{"embeddable":true,"href":"https:\/\/eric-grosset-coaching.com\/index.php\/wp-json\/wp\/v2\/comments?post=262"}],"version-history":[{"count":43,"href":"https:\/\/eric-grosset-coaching.com\/index.php\/wp-json\/wp\/v2\/pages\/262\/revisions"}],"predecessor-version":[{"id":659,"href":"https:\/\/eric-grosset-coaching.com\/index.php\/wp-json\/wp\/v2\/pages\/262\/revisions\/659"}],"wp:attachment":[{"href":"https:\/\/eric-grosset-coaching.com\/index.php\/wp-json\/wp\/v2\/media?parent=262"}],"curies":[{"name":"wp","href":"https:\/\/api.w.org\/{rel}","templated":true}]}}